{"id":52792,"date":"2022-05-30T11:47:52","date_gmt":"2022-05-30T09:47:52","guid":{"rendered":"https:\/\/extend-tt.vc\/chi-siamo\/scope\/"},"modified":"2022-10-27T14:29:36","modified_gmt":"2022-10-27T12:29:36","slug":"scopo","status":"publish","type":"page","link":"https:\/\/extend-tt.vc\/it\/chi-siamo\/scopo\/","title":{"rendered":"Scopo"},"content":{"rendered":"<div class=\"wpb-content-wrapper\"><p>[vc_row][vc_column offset=&#8221;vc_col-lg-offset-2 vc_col-lg-8 vc_col-md-offset-1 vc_col-md-10&#8243;][vc_column_text]<\/p>\n<h2>Scopo<\/h2>\n<p>Supportare qualsiasi stadio di sviluppo, dalla target identification alla lead optimisation, per raggiungere un proof of concept preclinico<\/p>\n<p>Riconosciamo che il settore delle biotecnologie sia contraddistinto, rispetto ad altri, da un alto rischio tecnologico\/scientifico.<\/p>\n<p>Per questo motivo affianchiamo i team di ricerca lungo l\u2019intero perimetro del percorso di sviluppo, costruendo insieme a loro un piano di lavoro e finanziario in modo da essere pronti insieme ad affrontare gli ostacoli lungo il cammino e raggiungere gli obiettivi posti. Erogando un finanziamento a tranche, riduciamo i rischi ed efficientiamo i piccoli passi che, di volta in volta, costituiscono nel complesso un percorso di successo.<\/p>\n<p>Le decisioni vengono prese dal Consiglio di amministrazione di Extend che conta oltre 50 anni di esperienza cumulati tra i 3 membri iniziali che lo compongono, con competenze intersecate tra scienza e finanza.<\/p>\n<p>[\/vc_column_text][\/vc_column][\/vc_row][vc_row][vc_column offset=&#8221;vc_col-lg-offset-2 vc_col-lg-8 vc_col-md-offset-1 vc_col-md-10&#8243;][vc_column_text]Alcuni esempi di progetti che potrebbero ricevere un finanziamento:<\/p>\n<p><strong>Validazione del Target<\/strong> \u2013 Dimostrare il coinvolgimento del target (target engagement) ad opera del prodotto terapeutico selezionato mediante l\u2019utilizzo di molecole e\/o anticorpi monoclonali di nuova sintesi o gia\u2019 disponibili, cellule primarie e\/o modelli preclinici in vivo appropriati a replicare la malattia dell\u2019uomo<\/p>\n<p><strong>Screening e identificazione dell\u2019hit<\/strong> \u2013 Campagne di screening, basate su saggi biochimici, funzionali e fenotipici verranno lanciate utilizzando le tecnologie di screening ad alta capacit\u00e0 (High Throuput Screening, HTS) di cui Evotec \u00e8 proprietaria o altre piattaforme commerciali disponibili. Il Progetto potr\u00e0 avere accesso alla libreria di Evotec composta da 400,0000 entit\u00e0 chimiche o alle piattaforme di produzione di anticorpi (humanised antibodies libraries, HAL). Le attivit\u00e0 di screening potranno anche essere svolte utilizzando le entit\u00e0 chimiche o molecolari sviluppati dai Team di progetto oppure usare mezzi computazionali per identificare nuove molecole prototipiche da cui partire.<\/p>\n<p><strong>Sviluppo di Anticorpi<\/strong> \u2013 Se richiesto dall\u2019approccio terapeutico e dal target identificato, il Team di Progetto potr\u00e0 accedere alla piattaforma per l\u2019identificazione di nuovi anticorpi e la loro ottimizzazione, attraverso un processo ben definito. Gli anticorpi prodotti verranno poi studiati utilizzando modelli in vitro, ex vivo ed in vivo rilevanti per l\u2019applicazione terapeutica in modo da dimostrare il meccanismo d\u2019azione proposto.<\/p>\n<p><strong>Espressione del target e Biologia Strutturale<\/strong> \u2013 La piattaforma di clonaggio, espressione in sistemi procarioti ed eucarioti e purificazione \u00e8 a disposizione per la produzione dei target di interesse da utilizzare nelle varie fasi di discovery. Cristallografia a raggi X, Risonanza magnetica e nucleare (RMN)( ad altri metodi biofisici possono essere applicati per valutare il meccanismo di legame, capire le cinetiche di interazione generando nuove informazioni necessarie la successive ottimizzazione del composto.<\/p>\n<p><strong>Validazione In Vitro <\/strong>\u2013 Potenza sul target, selettivit\u00e0 rispetto a target umani, e effetti funzionali delle molecole e degli anticorpi considerati vengono poi caratterizzati con l\u2019utilizzo di saggi traslazionali basati sull\u2019uso di cellule primarie da rodent, primati o uomo o grazie cellule staminali pluripotenti (iPSC).<\/p>\n<p><strong>In vivo PK\/PD<\/strong> \u2013 L\u2019esclusiva e altamente sviluppata offerta di test in vitro permetteranno di caratterizzare i parametri relativi all\u2019esposizione della molecola nei tessuti e fluidi biologici ed identificare anche specifiche criticit\u00e0 per lo sviluppo successivo. La combinazione tra i parametri farmaco-cinetici (PK) calcolati nella specie preclinica di interesse e quelli farmaco-dinamici (PD) raccolti dai modelli di malattia specifici nella stessa specie, permetteranno di costruire il modello PK\/PD necessario per disegnare i successivi studi preclinici e clinici e raffinare il profilo del prodotto. Evotec dispone di una grande variet\u00e0 di modelli preclinici in vivo per le varie aree terapeutiche, verranno utilizzati ma anche modelli altamente specializzati e sviluppati dai Team<\/p>\n<p><strong>Chimica Medicinale basata su AIC<\/strong> \u2013 Artificial Intelligence (AI) e Machine Learning (ML) sono parte fondamentale del processo integrato di drug discovery e development ad Evotec. L\u2019applicazione di queste tecniche alla chimica medicinale permetter\u00e0 di supportare il progetto nel disegnare, sintetizzare anche in scale maggiori gli analoghi necessary per valutare il compost nei modelli pi\u00f9 rilevanti e di svilupparli in trattamenti efficaci e sicuri coperti da IP innovativa.<\/p>\n<p><strong>Terapia cellulare, genica e basata su RNA<\/strong> \u2013 In alcuni casi ben definiti, il target potrebbe richiedere la messa a punto di approcci terapeutici alternativi. \u00c8 questo il caso della terapia cellulare e della terapia genica per la quale la piattaforma di Evotec \u00e8 ben attrezzata per affrontare le sfide associate con questa nuova modalit\u00e0. Inoltre, la piattaforma basata su RNA therapeutics \u2013 dalla chimica alla preclinica &#8211; \u00e8 a disposizione del Team di progetto per lo sviluppo dell\u2019approccio migliore.[\/vc_column_text][\/vc_column][\/vc_row]<\/p>\n<\/div>","protected":false},"excerpt":{"rendered":"<p>[vc_row][vc_column offset=&#8221;vc_col-lg-offset-2 vc_col-lg-8 vc_col-md-offset-1 vc_col-md-10&#8243;][vc_column_text] Scopo Supportare qualsiasi stadio di sviluppo, dalla target identification alla lead optimisation, per raggiungere un proof of concept preclinico Riconosciamo che il settore delle biotecnologie sia contraddistinto, rispetto ad altri, da un alto rischio tecnologico\/scientifico. Per questo motivo affianchiamo i team di ricerca lungo l\u2019intero perimetro del percorso di sviluppo,&hellip;<\/p>\n","protected":false},"author":4,"featured_media":52857,"parent":52779,"menu_order":0,"comment_status":"closed","ping_status":"closed","template":"","meta":{"footnotes":""},"yoast_head":"<!-- This site is optimized with the Yoast SEO plugin v22.5 - https:\/\/yoast.com\/wordpress\/plugins\/seo\/ -->\n<title>Scopo - EXTEND<\/title>\n<meta name=\"robots\" content=\"index, follow, max-snippet:-1, max-image-preview:large, max-video-preview:-1\" \/>\n<link rel=\"canonical\" href=\"https:\/\/extend-tt.vc\/it\/chi-siamo\/scopo\/\" \/>\n<meta property=\"og:locale\" content=\"it_IT\" \/>\n<meta property=\"og:type\" content=\"article\" \/>\n<meta property=\"og:title\" content=\"Scopo - EXTEND\" \/>\n<meta property=\"og:description\" content=\"[vc_row][vc_column offset=&#8221;vc_col-lg-offset-2 vc_col-lg-8 vc_col-md-offset-1 vc_col-md-10&#8243;][vc_column_text] Scopo Supportare qualsiasi stadio di sviluppo, dalla target identification alla lead optimisation, per raggiungere un proof of concept preclinico Riconosciamo che il settore delle biotecnologie sia contraddistinto, rispetto ad altri, da un alto rischio tecnologico\/scientifico. Per questo motivo affianchiamo i team di ricerca lungo l\u2019intero perimetro del percorso di sviluppo,&hellip;\" \/>\n<meta property=\"og:url\" content=\"https:\/\/extend-tt.vc\/it\/chi-siamo\/scopo\/\" \/>\n<meta property=\"og:site_name\" content=\"EXTEND\" \/>\n<meta property=\"article:modified_time\" content=\"2022-10-27T12:29:36+00:00\" \/>\n<meta property=\"og:image\" content=\"https:\/\/extend-tt.vc\/wp-content\/uploads\/EXTEND_Scope-scaled.jpg\" \/>\n\t<meta property=\"og:image:width\" content=\"2560\" \/>\n\t<meta property=\"og:image:height\" content=\"825\" \/>\n\t<meta property=\"og:image:type\" content=\"image\/jpeg\" \/>\n<meta name=\"twitter:card\" content=\"summary_large_image\" \/>\n<meta name=\"twitter:label1\" content=\"Tempo di lettura stimato\" \/>\n\t<meta name=\"twitter:data1\" content=\"4 minuti\" \/>\n<script type=\"application\/ld+json\" class=\"yoast-schema-graph\">{\"@context\":\"https:\/\/schema.org\",\"@graph\":[{\"@type\":\"WebPage\",\"@id\":\"https:\/\/extend-tt.vc\/it\/chi-siamo\/scopo\/\",\"url\":\"https:\/\/extend-tt.vc\/it\/chi-siamo\/scopo\/\",\"name\":\"Scopo - EXTEND\",\"isPartOf\":{\"@id\":\"https:\/\/extend-tt.vc\/it\/#website\"},\"primaryImageOfPage\":{\"@id\":\"https:\/\/extend-tt.vc\/it\/chi-siamo\/scopo\/#primaryimage\"},\"image\":{\"@id\":\"https:\/\/extend-tt.vc\/it\/chi-siamo\/scopo\/#primaryimage\"},\"thumbnailUrl\":\"https:\/\/extend-tt.vc\/wp-content\/uploads\/EXTEND_Scope-scaled.jpg\",\"datePublished\":\"2022-05-30T09:47:52+00:00\",\"dateModified\":\"2022-10-27T12:29:36+00:00\",\"breadcrumb\":{\"@id\":\"https:\/\/extend-tt.vc\/it\/chi-siamo\/scopo\/#breadcrumb\"},\"inLanguage\":\"it-IT\",\"potentialAction\":[{\"@type\":\"ReadAction\",\"target\":[\"https:\/\/extend-tt.vc\/it\/chi-siamo\/scopo\/\"]}]},{\"@type\":\"ImageObject\",\"inLanguage\":\"it-IT\",\"@id\":\"https:\/\/extend-tt.vc\/it\/chi-siamo\/scopo\/#primaryimage\",\"url\":\"https:\/\/extend-tt.vc\/wp-content\/uploads\/EXTEND_Scope-scaled.jpg\",\"contentUrl\":\"https:\/\/extend-tt.vc\/wp-content\/uploads\/EXTEND_Scope-scaled.jpg\",\"width\":2560,\"height\":825,\"caption\":\"Scope\"},{\"@type\":\"BreadcrumbList\",\"@id\":\"https:\/\/extend-tt.vc\/it\/chi-siamo\/scopo\/#breadcrumb\",\"itemListElement\":[{\"@type\":\"ListItem\",\"position\":1,\"name\":\"Home\",\"item\":\"https:\/\/extend-tt.vc\/it\/\"},{\"@type\":\"ListItem\",\"position\":2,\"name\":\"Chi Siamo\",\"item\":\"https:\/\/extend-tt.vc\/it\/chi-siamo\/\"},{\"@type\":\"ListItem\",\"position\":3,\"name\":\"Scopo\"}]},{\"@type\":\"WebSite\",\"@id\":\"https:\/\/extend-tt.vc\/it\/#website\",\"url\":\"https:\/\/extend-tt.vc\/it\/\",\"name\":\"EXTEND - National Technology Transfer Biotech Hub\",\"description\":\"National Technology Transfer Biotech Hub\",\"publisher\":{\"@id\":\"https:\/\/extend-tt.vc\/it\/#organization\"},\"potentialAction\":[{\"@type\":\"SearchAction\",\"target\":{\"@type\":\"EntryPoint\",\"urlTemplate\":\"https:\/\/extend-tt.vc\/it\/?s={search_term_string}\"},\"query-input\":\"required name=search_term_string\"}],\"inLanguage\":\"it-IT\"},{\"@type\":\"Organization\",\"@id\":\"https:\/\/extend-tt.vc\/it\/#organization\",\"name\":\"EXTEND - National Technology Transfer Biotech Hub\",\"url\":\"https:\/\/extend-tt.vc\/it\/\",\"logo\":{\"@type\":\"ImageObject\",\"inLanguage\":\"it-IT\",\"@id\":\"https:\/\/extend-tt.vc\/it\/#\/schema\/logo\/image\/\",\"url\":\"https:\/\/extend-tt.vc\/wp-content\/uploads\/Logo-EN.png\",\"contentUrl\":\"https:\/\/extend-tt.vc\/wp-content\/uploads\/Logo-EN.png\",\"width\":720,\"height\":215,\"caption\":\"EXTEND - National Technology Transfer Biotech Hub\"},\"image\":{\"@id\":\"https:\/\/extend-tt.vc\/it\/#\/schema\/logo\/image\/\"}}]}<\/script>\n<!-- \/ Yoast SEO plugin. -->","yoast_head_json":{"title":"Scopo - EXTEND","robots":{"index":"index","follow":"follow","max-snippet":"max-snippet:-1","max-image-preview":"max-image-preview:large","max-video-preview":"max-video-preview:-1"},"canonical":"https:\/\/extend-tt.vc\/it\/chi-siamo\/scopo\/","og_locale":"it_IT","og_type":"article","og_title":"Scopo - EXTEND","og_description":"[vc_row][vc_column offset=&#8221;vc_col-lg-offset-2 vc_col-lg-8 vc_col-md-offset-1 vc_col-md-10&#8243;][vc_column_text] Scopo Supportare qualsiasi stadio di sviluppo, dalla target identification alla lead optimisation, per raggiungere un proof of concept preclinico Riconosciamo che il settore delle biotecnologie sia contraddistinto, rispetto ad altri, da un alto rischio tecnologico\/scientifico. Per questo motivo affianchiamo i team di ricerca lungo l\u2019intero perimetro del percorso di sviluppo,&hellip;","og_url":"https:\/\/extend-tt.vc\/it\/chi-siamo\/scopo\/","og_site_name":"EXTEND","article_modified_time":"2022-10-27T12:29:36+00:00","og_image":[{"width":2560,"height":825,"url":"https:\/\/extend-tt.vc\/wp-content\/uploads\/EXTEND_Scope-scaled.jpg","type":"image\/jpeg"}],"twitter_card":"summary_large_image","twitter_misc":{"Tempo di lettura stimato":"4 minuti"},"schema":{"@context":"https:\/\/schema.org","@graph":[{"@type":"WebPage","@id":"https:\/\/extend-tt.vc\/it\/chi-siamo\/scopo\/","url":"https:\/\/extend-tt.vc\/it\/chi-siamo\/scopo\/","name":"Scopo - EXTEND","isPartOf":{"@id":"https:\/\/extend-tt.vc\/it\/#website"},"primaryImageOfPage":{"@id":"https:\/\/extend-tt.vc\/it\/chi-siamo\/scopo\/#primaryimage"},"image":{"@id":"https:\/\/extend-tt.vc\/it\/chi-siamo\/scopo\/#primaryimage"},"thumbnailUrl":"https:\/\/extend-tt.vc\/wp-content\/uploads\/EXTEND_Scope-scaled.jpg","datePublished":"2022-05-30T09:47:52+00:00","dateModified":"2022-10-27T12:29:36+00:00","breadcrumb":{"@id":"https:\/\/extend-tt.vc\/it\/chi-siamo\/scopo\/#breadcrumb"},"inLanguage":"it-IT","potentialAction":[{"@type":"ReadAction","target":["https:\/\/extend-tt.vc\/it\/chi-siamo\/scopo\/"]}]},{"@type":"ImageObject","inLanguage":"it-IT","@id":"https:\/\/extend-tt.vc\/it\/chi-siamo\/scopo\/#primaryimage","url":"https:\/\/extend-tt.vc\/wp-content\/uploads\/EXTEND_Scope-scaled.jpg","contentUrl":"https:\/\/extend-tt.vc\/wp-content\/uploads\/EXTEND_Scope-scaled.jpg","width":2560,"height":825,"caption":"Scope"},{"@type":"BreadcrumbList","@id":"https:\/\/extend-tt.vc\/it\/chi-siamo\/scopo\/#breadcrumb","itemListElement":[{"@type":"ListItem","position":1,"name":"Home","item":"https:\/\/extend-tt.vc\/it\/"},{"@type":"ListItem","position":2,"name":"Chi Siamo","item":"https:\/\/extend-tt.vc\/it\/chi-siamo\/"},{"@type":"ListItem","position":3,"name":"Scopo"}]},{"@type":"WebSite","@id":"https:\/\/extend-tt.vc\/it\/#website","url":"https:\/\/extend-tt.vc\/it\/","name":"EXTEND - National Technology Transfer Biotech Hub","description":"National Technology Transfer Biotech Hub","publisher":{"@id":"https:\/\/extend-tt.vc\/it\/#organization"},"potentialAction":[{"@type":"SearchAction","target":{"@type":"EntryPoint","urlTemplate":"https:\/\/extend-tt.vc\/it\/?s={search_term_string}"},"query-input":"required name=search_term_string"}],"inLanguage":"it-IT"},{"@type":"Organization","@id":"https:\/\/extend-tt.vc\/it\/#organization","name":"EXTEND - National Technology Transfer Biotech Hub","url":"https:\/\/extend-tt.vc\/it\/","logo":{"@type":"ImageObject","inLanguage":"it-IT","@id":"https:\/\/extend-tt.vc\/it\/#\/schema\/logo\/image\/","url":"https:\/\/extend-tt.vc\/wp-content\/uploads\/Logo-EN.png","contentUrl":"https:\/\/extend-tt.vc\/wp-content\/uploads\/Logo-EN.png","width":720,"height":215,"caption":"EXTEND - National Technology Transfer Biotech Hub"},"image":{"@id":"https:\/\/extend-tt.vc\/it\/#\/schema\/logo\/image\/"}}]}},"_links":{"self":[{"href":"https:\/\/extend-tt.vc\/it\/wp-json\/wp\/v2\/pages\/52792"}],"collection":[{"href":"https:\/\/extend-tt.vc\/it\/wp-json\/wp\/v2\/pages"}],"about":[{"href":"https:\/\/extend-tt.vc\/it\/wp-json\/wp\/v2\/types\/page"}],"author":[{"embeddable":true,"href":"https:\/\/extend-tt.vc\/it\/wp-json\/wp\/v2\/users\/4"}],"replies":[{"embeddable":true,"href":"https:\/\/extend-tt.vc\/it\/wp-json\/wp\/v2\/comments?post=52792"}],"version-history":[{"count":0,"href":"https:\/\/extend-tt.vc\/it\/wp-json\/wp\/v2\/pages\/52792\/revisions"}],"up":[{"embeddable":true,"href":"https:\/\/extend-tt.vc\/it\/wp-json\/wp\/v2\/pages\/52779"}],"wp:featuredmedia":[{"embeddable":true,"href":"https:\/\/extend-tt.vc\/it\/wp-json\/wp\/v2\/media\/52857"}],"wp:attachment":[{"href":"https:\/\/extend-tt.vc\/it\/wp-json\/wp\/v2\/media?parent=52792"}],"curies":[{"name":"wp","href":"https:\/\/api.w.org\/{rel}","templated":true}]}}