{"id":53083,"date":"2022-05-30T14:33:07","date_gmt":"2022-05-30T12:33:07","guid":{"rendered":"https:\/\/extend-tt.vc\/team-partners\/team-2\/"},"modified":"2022-12-20T17:06:45","modified_gmt":"2022-12-20T16:06:45","slug":"team","status":"publish","type":"page","link":"https:\/\/extend-tt.vc\/it\/team-partners\/team\/","title":{"rendered":"Team"},"content":{"rendered":"<div class=\"wpb-content-wrapper\"><p>[vc_row type=&#8221;vc_default&#8221;][vc_column width=&#8221;1\/3&#8243; offset=&#8221;vc_col-lg-offset-0 vc_col-md-offset-0&#8243;][\/vc_column][vc_column width=&#8221;2\/3&#8243;][vc_column_text]<\/p>\n<h2>Team<\/h2>\n<p>[\/vc_column_text][\/vc_column][\/vc_row][vc_row][vc_column width=&#8221;1\/3&#8243; css=&#8221;.vc_custom_1613638301193{padding-right: 50px !important;padding-left: 50px !important;}&#8221;][vc_single_image image=&#8221;52611&#8243; img_size=&#8221;medium&#8221; add_caption=&#8221;yes&#8221; alignment=&#8221;center&#8221; style=&#8221;vc_box_circle_2&#8243;][\/vc_column][vc_column width=&#8221;2\/3&#8243;][vc_column_text]<\/p>\n<h3>Claudia Pingue \u2013 CDP VC Technology Transfer Fund Manager<\/h3>\n<p>&nbsp;<\/p>\n<p>Pi\u00f9 di 15 anni di esperienza nella gestione dei processi di Trasferimento Tecnologico. Dal 2013 al 2020 \u00e8 stata General Manager di PoliHub, Startup District&amp;Incubator\u00a0del Politecnico di Milano, carica cui ha affiancato la partecipazione nel board di diverse startup e scaleup e il ruolo di Venture Partner del Fondo Poli360, gestito da 360 Capital Partners.<\/p>\n<p>Prima della nomina a General Manager, \u00e8 stata coordinatrice dell\u2019area Innovazione Digitale presso la Fondazione Politecnico di Milano e responsabile dell\u2019ideazione e dell\u2019attuazione di svariati progetti di innovazione\u00a0all\u2019interno di aziende e pubbliche amministrazioni.<\/p>\n<p>Laureata in Ingegneria delle Telecomunicazioni a Milano, ha svolto un Master in Gestione Aziendale e Sviluppo Organizzativo del MIP, Business School del Politecnico di Milano ed un Executive Program in Venture Capital presso la HAAS Business School di Berkeley.[\/vc_column_text][\/vc_column][vc_column][vc_separator color=&#8221;black&#8221;][\/vc_column][\/vc_row][vc_row][vc_column width=&#8221;1\/3&#8243; css=&#8221;.vc_custom_1613638301193{padding-right: 50px !important;padding-left: 50px !important;}&#8221;][vc_single_image image=&#8221;52612&#8243; img_size=&#8221;medium&#8221; add_caption=&#8221;yes&#8221; alignment=&#8221;center&#8221; style=&#8221;vc_box_circle_2&#8243;][\/vc_column][vc_column width=&#8221;2\/3&#8243;][vc_column_text]<\/p>\n<h3>Davide Santi \u2013 CDP VC Technology Transfer Senior Investment Manager<\/h3>\n<p>&nbsp;<\/p>\n<p>Davide Ha iniziato la sua carriera nel settore degli investimenti dapprima nel fondo Amadeus Capital Partners di Cambridge nel ruolo di analista e pi\u00f9 tardi come investment manager in un fondo d\u2019investimento italiano focalizzato sull\u2019health-care dove si occupava di investimenti diretti. Inoltre, ha lavorato nella funzione di health economics &amp; market access nella societ\u00e0 farmaceutica Amgen e poi successivamente come manager in UCB.<br \/>\nLaureato in biotecnologie all\u2019universit\u00e0 di Padova, ha frequentato con una borsa di studio il master internazionale in economia sanitaria MIHMEP presso la SDA Bocconi e ha concluso nel 2020 il corso di formazione per analisti finanziari presso AIAF per l\u2019ottenimento della certificazione CIIA.[\/vc_column_text][\/vc_column][vc_column][vc_separator color=&#8221;black&#8221;][\/vc_column][\/vc_row][vc_row][vc_column width=&#8221;1\/3&#8243; css=&#8221;.vc_custom_1613638301193{padding-right: 50px !important;padding-left: 50px !important;}&#8221;][vc_single_image image=&#8221;52766&#8243; img_size=&#8221;medium&#8221; add_caption=&#8221;yes&#8221; alignment=&#8221;center&#8221; style=&#8221;vc_box_circle_2&#8243;][\/vc_column][vc_column width=&#8221;2\/3&#8243;][vc_column_text]<\/p>\n<h3>Simone Braggio \u2013 Membro del Board<\/h3>\n<p><em>EVOTEC Partnership Management Excellence, Executive VP<\/em><\/p>\n<p>&nbsp;<\/p>\n<p>Simone Braggio ha ha pi\u00f9 di 30 anni di esperienza sia in Big Pharma (GSK e consociate) che in CRO (Aptuit e Evotec) ricoprendo ruoli di sempre maggiore responsabilit\u00e0 in ricerca, nella definizione ed implementazione di partnerships strategiche e di modelli di business innovativi. In GSK ha svolto un ruolo chiave nella ridefinizione delle strategie di lead optimization con l\u2019obiettivo di ridurre l\u2019attrition nel fase clinica. In Aptuit Simone \u00e8 stato l\u2019attore principale nella ridefinizione e l\u2019implementazione di un modello di business innovativo capace di attrarre progetti integrati e partnership di lungo termine (Partnership Research Organization; PRO). \u00c8 anche autore o co-autore di pi\u00f9 di 25 articoli scientifici ed \u00e8 invitato regolarmente come speaker in congressi internazionali e meetings.[\/vc_column_text][\/vc_column][vc_column][vc_separator color=&#8221;black&#8221;][\/vc_column][\/vc_row][vc_row][vc_column width=&#8221;1\/3&#8243; css=&#8221;.vc_custom_1613638301193{padding-right: 50px !important;padding-left: 50px !important;}&#8221;][vc_single_image image=&#8221;52935&#8243; img_size=&#8221;medium&#8221; add_caption=&#8221;yes&#8221; alignment=&#8221;center&#8221; style=&#8221;vc_box_circle_2&#8243;][\/vc_column][vc_column width=&#8221;2\/3&#8243;][vc_column_text]<\/p>\n<h3>Antonio Felici \u2013 Expert in Residence<\/h3>\n<p><em>EVOTEC Academic Partnership, Vice President<\/em><\/p>\n<p>&nbsp;<\/p>\n<p>Antonio Felici \u00e8 responsabile di sviluppare l\u2019infrastruttura scientifica necessaria e rendere operativa la strategia progettuale disegnata intorno ai dati scientifici presentati. Nel suo ruolo di Expert in Residence (EIR) di Evotec per l\u2019Italia, Antonio lavora a stretto contatto con i ricercatori delle diverse Istituzioni di ricerca, con gli uffici di trasferimento tecnologico (Technology Transfer Office, TTO) con i Partners di EXTEND con l\u2019obiettivo primario di identificare opportunit\u00e0 di drug discovery da sviluppare in terapie innovative per malattie con grande necessit\u00e0 di cura attraverso la formazione di spin-off company. Antonio ha pi\u00f9 di 25 anni di esperienza in drug discovery and development, in project and portfolio management, ed ha ricoperto ruoli strategici e manageriali sia in CRO che in Big-Pharma. \u00c8 anche autore o coautore di pi\u00f9 di 40 articoli scientifici.[\/vc_column_text][\/vc_column][vc_column][vc_separator color=&#8221;black&#8221;][\/vc_column][\/vc_row][vc_row][vc_column width=&#8221;1\/3&#8243; css=&#8221;.vc_custom_1613638301193{padding-right: 50px !important;padding-left: 50px !important;}&#8221;][vc_single_image image=&#8221;52972&#8243; img_size=&#8221;medium&#8221; add_caption=&#8221;yes&#8221; alignment=&#8221;center&#8221; style=&#8221;vc_box_circle_2&#8243;][\/vc_column][vc_column width=&#8221;2\/3&#8243;][vc_column_text]<\/p>\n<h3>Paolo Di Giorgio \u2013 Membro del Board<\/h3>\n<p><em>Amministratore Delegato Angelini Ventures<\/em><\/p>\n<p>&nbsp;<\/p>\n<p>Paolo Di Giorgio \u00e8 attualmente \u00e8 membro del consiglio di amministrazione di Argobio ed Extend, membro del consiglio di osservazione di Pretzel Therapeutics, GenEp e Archlight Therapeutics e membro del comitato di investimento dell&#8217;Angelini Lumira Bioscience Fund. Paolo \u00e8 un executive delle scienze della vita con oltre 20 anni di esperienza in venture capital, ricerca e sviluppo, innovazione esterna e business development. Prima di fondare Angelini Ventures, Paolo \u00e8 stato Head of External Innovation R&amp;D presso Angelini Pharma, dove ha guidato il loro gruppo di sviluppo preclinico con molteplici programmi nelle aree del SNC e degli anti-infettivi. Nel 2019 ha creato le unit\u00e0 di innovazione esterna e corporate venturing per implementare la trasformazione del gruppo R&amp;D che ha adottato un modello di innovazione esterna.[\/vc_column_text][\/vc_column][vc_column][vc_separator color=&#8221;black&#8221;][\/vc_column][\/vc_row]<\/p>\n<\/div>","protected":false},"excerpt":{"rendered":"<p>[vc_row type=&#8221;vc_default&#8221;][vc_column width=&#8221;1\/3&#8243; offset=&#8221;vc_col-lg-offset-0 vc_col-md-offset-0&#8243;][\/vc_column][vc_column width=&#8221;2\/3&#8243;][vc_column_text] Team [\/vc_column_text][\/vc_column][\/vc_row][vc_row][vc_column width=&#8221;1\/3&#8243; css=&#8221;.vc_custom_1613638301193{padding-right: 50px !important;padding-left: 50px !important;}&#8221;][vc_single_image image=&#8221;52611&#8243; img_size=&#8221;medium&#8221; add_caption=&#8221;yes&#8221; alignment=&#8221;center&#8221; style=&#8221;vc_box_circle_2&#8243;][\/vc_column][vc_column width=&#8221;2\/3&#8243;][vc_column_text] Claudia Pingue \u2013 CDP VC Technology Transfer Fund Manager &nbsp; Pi\u00f9 di 15 anni di esperienza nella gestione dei processi di Trasferimento Tecnologico. Dal 2013 al 2020 \u00e8 stata General Manager di PoliHub, Startup District&amp;Incubator\u00a0del&hellip;<\/p>\n","protected":false},"author":4,"featured_media":52825,"parent":53065,"menu_order":0,"comment_status":"closed","ping_status":"closed","template":"","meta":{"footnotes":""},"yoast_head":"<!-- This site is optimized with the Yoast SEO plugin v22.5 - https:\/\/yoast.com\/wordpress\/plugins\/seo\/ -->\n<title>Team - EXTEND<\/title>\n<meta name=\"robots\" content=\"index, follow, max-snippet:-1, max-image-preview:large, max-video-preview:-1\" \/>\n<link rel=\"canonical\" href=\"https:\/\/extend-tt.vc\/it\/team-partners\/team\/\" \/>\n<meta property=\"og:locale\" content=\"it_IT\" \/>\n<meta property=\"og:type\" content=\"article\" \/>\n<meta property=\"og:title\" content=\"Team - EXTEND\" \/>\n<meta property=\"og:description\" content=\"[vc_row type=&#8221;vc_default&#8221;][vc_column width=&#8221;1\/3&#8243; offset=&#8221;vc_col-lg-offset-0 vc_col-md-offset-0&#8243;][\/vc_column][vc_column width=&#8221;2\/3&#8243;][vc_column_text] Team [\/vc_column_text][\/vc_column][\/vc_row][vc_row][vc_column width=&#8221;1\/3&#8243; css=&#8221;.vc_custom_1613638301193{padding-right: 50px !important;padding-left: 50px !important;}&#8221;][vc_single_image image=&#8221;52611&#8243; img_size=&#8221;medium&#8221; add_caption=&#8221;yes&#8221; alignment=&#8221;center&#8221; style=&#8221;vc_box_circle_2&#8243;][\/vc_column][vc_column width=&#8221;2\/3&#8243;][vc_column_text] Claudia Pingue \u2013 CDP VC Technology Transfer Fund Manager &nbsp; Pi\u00f9 di 15 anni di esperienza nella gestione dei processi di Trasferimento Tecnologico. Dal 2013 al 2020 \u00e8 stata General Manager di PoliHub, Startup District&amp;Incubator\u00a0del&hellip;\" \/>\n<meta property=\"og:url\" content=\"https:\/\/extend-tt.vc\/it\/team-partners\/team\/\" \/>\n<meta property=\"og:site_name\" content=\"EXTEND\" \/>\n<meta property=\"article:modified_time\" content=\"2022-12-20T16:06:45+00:00\" \/>\n<meta property=\"og:image\" content=\"https:\/\/extend-tt.vc\/wp-content\/uploads\/EXTEND_Academic-scaled.jpg\" \/>\n\t<meta property=\"og:image:width\" content=\"2560\" \/>\n\t<meta property=\"og:image:height\" content=\"825\" \/>\n\t<meta property=\"og:image:type\" content=\"image\/jpeg\" \/>\n<meta name=\"twitter:card\" content=\"summary_large_image\" \/>\n<meta name=\"twitter:label1\" content=\"Tempo di lettura stimato\" \/>\n\t<meta name=\"twitter:data1\" content=\"5 minuti\" \/>\n<script type=\"application\/ld+json\" class=\"yoast-schema-graph\">{\"@context\":\"https:\/\/schema.org\",\"@graph\":[{\"@type\":\"WebPage\",\"@id\":\"https:\/\/extend-tt.vc\/it\/team-partners\/team\/\",\"url\":\"https:\/\/extend-tt.vc\/it\/team-partners\/team\/\",\"name\":\"Team - EXTEND\",\"isPartOf\":{\"@id\":\"https:\/\/extend-tt.vc\/it\/#website\"},\"primaryImageOfPage\":{\"@id\":\"https:\/\/extend-tt.vc\/it\/team-partners\/team\/#primaryimage\"},\"image\":{\"@id\":\"https:\/\/extend-tt.vc\/it\/team-partners\/team\/#primaryimage\"},\"thumbnailUrl\":\"https:\/\/extend-tt.vc\/wp-content\/uploads\/EXTEND_Academic-scaled.jpg\",\"datePublished\":\"2022-05-30T12:33:07+00:00\",\"dateModified\":\"2022-12-20T16:06:45+00:00\",\"breadcrumb\":{\"@id\":\"https:\/\/extend-tt.vc\/it\/team-partners\/team\/#breadcrumb\"},\"inLanguage\":\"it-IT\",\"potentialAction\":[{\"@type\":\"ReadAction\",\"target\":[\"https:\/\/extend-tt.vc\/it\/team-partners\/team\/\"]}]},{\"@type\":\"ImageObject\",\"inLanguage\":\"it-IT\",\"@id\":\"https:\/\/extend-tt.vc\/it\/team-partners\/team\/#primaryimage\",\"url\":\"https:\/\/extend-tt.vc\/wp-content\/uploads\/EXTEND_Academic-scaled.jpg\",\"contentUrl\":\"https:\/\/extend-tt.vc\/wp-content\/uploads\/EXTEND_Academic-scaled.jpg\",\"width\":2560,\"height\":825,\"caption\":\"Academic\"},{\"@type\":\"BreadcrumbList\",\"@id\":\"https:\/\/extend-tt.vc\/it\/team-partners\/team\/#breadcrumb\",\"itemListElement\":[{\"@type\":\"ListItem\",\"position\":1,\"name\":\"Home\",\"item\":\"https:\/\/extend-tt.vc\/it\/\"},{\"@type\":\"ListItem\",\"position\":2,\"name\":\"Partner Accademici\",\"item\":\"https:\/\/extend-tt.vc\/it\/team-partners\/\"},{\"@type\":\"ListItem\",\"position\":3,\"name\":\"Team\"}]},{\"@type\":\"WebSite\",\"@id\":\"https:\/\/extend-tt.vc\/it\/#website\",\"url\":\"https:\/\/extend-tt.vc\/it\/\",\"name\":\"EXTEND - National Technology Transfer Biotech Hub\",\"description\":\"National Technology Transfer Biotech Hub\",\"publisher\":{\"@id\":\"https:\/\/extend-tt.vc\/it\/#organization\"},\"potentialAction\":[{\"@type\":\"SearchAction\",\"target\":{\"@type\":\"EntryPoint\",\"urlTemplate\":\"https:\/\/extend-tt.vc\/it\/?s={search_term_string}\"},\"query-input\":\"required name=search_term_string\"}],\"inLanguage\":\"it-IT\"},{\"@type\":\"Organization\",\"@id\":\"https:\/\/extend-tt.vc\/it\/#organization\",\"name\":\"EXTEND - National Technology Transfer Biotech Hub\",\"url\":\"https:\/\/extend-tt.vc\/it\/\",\"logo\":{\"@type\":\"ImageObject\",\"inLanguage\":\"it-IT\",\"@id\":\"https:\/\/extend-tt.vc\/it\/#\/schema\/logo\/image\/\",\"url\":\"https:\/\/extend-tt.vc\/wp-content\/uploads\/Logo-EN.png\",\"contentUrl\":\"https:\/\/extend-tt.vc\/wp-content\/uploads\/Logo-EN.png\",\"width\":720,\"height\":215,\"caption\":\"EXTEND - National Technology Transfer Biotech Hub\"},\"image\":{\"@id\":\"https:\/\/extend-tt.vc\/it\/#\/schema\/logo\/image\/\"}}]}<\/script>\n<!-- \/ Yoast SEO plugin. -->","yoast_head_json":{"title":"Team - EXTEND","robots":{"index":"index","follow":"follow","max-snippet":"max-snippet:-1","max-image-preview":"max-image-preview:large","max-video-preview":"max-video-preview:-1"},"canonical":"https:\/\/extend-tt.vc\/it\/team-partners\/team\/","og_locale":"it_IT","og_type":"article","og_title":"Team - EXTEND","og_description":"[vc_row type=&#8221;vc_default&#8221;][vc_column width=&#8221;1\/3&#8243; offset=&#8221;vc_col-lg-offset-0 vc_col-md-offset-0&#8243;][\/vc_column][vc_column width=&#8221;2\/3&#8243;][vc_column_text] Team [\/vc_column_text][\/vc_column][\/vc_row][vc_row][vc_column width=&#8221;1\/3&#8243; css=&#8221;.vc_custom_1613638301193{padding-right: 50px !important;padding-left: 50px !important;}&#8221;][vc_single_image image=&#8221;52611&#8243; img_size=&#8221;medium&#8221; add_caption=&#8221;yes&#8221; alignment=&#8221;center&#8221; style=&#8221;vc_box_circle_2&#8243;][\/vc_column][vc_column width=&#8221;2\/3&#8243;][vc_column_text] Claudia Pingue \u2013 CDP VC Technology Transfer Fund Manager &nbsp; Pi\u00f9 di 15 anni di esperienza nella gestione dei processi di Trasferimento Tecnologico. Dal 2013 al 2020 \u00e8 stata General Manager di PoliHub, Startup District&amp;Incubator\u00a0del&hellip;","og_url":"https:\/\/extend-tt.vc\/it\/team-partners\/team\/","og_site_name":"EXTEND","article_modified_time":"2022-12-20T16:06:45+00:00","og_image":[{"width":2560,"height":825,"url":"https:\/\/extend-tt.vc\/wp-content\/uploads\/EXTEND_Academic-scaled.jpg","type":"image\/jpeg"}],"twitter_card":"summary_large_image","twitter_misc":{"Tempo di lettura stimato":"5 minuti"},"schema":{"@context":"https:\/\/schema.org","@graph":[{"@type":"WebPage","@id":"https:\/\/extend-tt.vc\/it\/team-partners\/team\/","url":"https:\/\/extend-tt.vc\/it\/team-partners\/team\/","name":"Team - EXTEND","isPartOf":{"@id":"https:\/\/extend-tt.vc\/it\/#website"},"primaryImageOfPage":{"@id":"https:\/\/extend-tt.vc\/it\/team-partners\/team\/#primaryimage"},"image":{"@id":"https:\/\/extend-tt.vc\/it\/team-partners\/team\/#primaryimage"},"thumbnailUrl":"https:\/\/extend-tt.vc\/wp-content\/uploads\/EXTEND_Academic-scaled.jpg","datePublished":"2022-05-30T12:33:07+00:00","dateModified":"2022-12-20T16:06:45+00:00","breadcrumb":{"@id":"https:\/\/extend-tt.vc\/it\/team-partners\/team\/#breadcrumb"},"inLanguage":"it-IT","potentialAction":[{"@type":"ReadAction","target":["https:\/\/extend-tt.vc\/it\/team-partners\/team\/"]}]},{"@type":"ImageObject","inLanguage":"it-IT","@id":"https:\/\/extend-tt.vc\/it\/team-partners\/team\/#primaryimage","url":"https:\/\/extend-tt.vc\/wp-content\/uploads\/EXTEND_Academic-scaled.jpg","contentUrl":"https:\/\/extend-tt.vc\/wp-content\/uploads\/EXTEND_Academic-scaled.jpg","width":2560,"height":825,"caption":"Academic"},{"@type":"BreadcrumbList","@id":"https:\/\/extend-tt.vc\/it\/team-partners\/team\/#breadcrumb","itemListElement":[{"@type":"ListItem","position":1,"name":"Home","item":"https:\/\/extend-tt.vc\/it\/"},{"@type":"ListItem","position":2,"name":"Partner Accademici","item":"https:\/\/extend-tt.vc\/it\/team-partners\/"},{"@type":"ListItem","position":3,"name":"Team"}]},{"@type":"WebSite","@id":"https:\/\/extend-tt.vc\/it\/#website","url":"https:\/\/extend-tt.vc\/it\/","name":"EXTEND - National Technology Transfer Biotech Hub","description":"National Technology Transfer Biotech Hub","publisher":{"@id":"https:\/\/extend-tt.vc\/it\/#organization"},"potentialAction":[{"@type":"SearchAction","target":{"@type":"EntryPoint","urlTemplate":"https:\/\/extend-tt.vc\/it\/?s={search_term_string}"},"query-input":"required name=search_term_string"}],"inLanguage":"it-IT"},{"@type":"Organization","@id":"https:\/\/extend-tt.vc\/it\/#organization","name":"EXTEND - National Technology Transfer Biotech Hub","url":"https:\/\/extend-tt.vc\/it\/","logo":{"@type":"ImageObject","inLanguage":"it-IT","@id":"https:\/\/extend-tt.vc\/it\/#\/schema\/logo\/image\/","url":"https:\/\/extend-tt.vc\/wp-content\/uploads\/Logo-EN.png","contentUrl":"https:\/\/extend-tt.vc\/wp-content\/uploads\/Logo-EN.png","width":720,"height":215,"caption":"EXTEND - National Technology Transfer Biotech Hub"},"image":{"@id":"https:\/\/extend-tt.vc\/it\/#\/schema\/logo\/image\/"}}]}},"_links":{"self":[{"href":"https:\/\/extend-tt.vc\/it\/wp-json\/wp\/v2\/pages\/53083"}],"collection":[{"href":"https:\/\/extend-tt.vc\/it\/wp-json\/wp\/v2\/pages"}],"about":[{"href":"https:\/\/extend-tt.vc\/it\/wp-json\/wp\/v2\/types\/page"}],"author":[{"embeddable":true,"href":"https:\/\/extend-tt.vc\/it\/wp-json\/wp\/v2\/users\/4"}],"replies":[{"embeddable":true,"href":"https:\/\/extend-tt.vc\/it\/wp-json\/wp\/v2\/comments?post=53083"}],"version-history":[{"count":0,"href":"https:\/\/extend-tt.vc\/it\/wp-json\/wp\/v2\/pages\/53083\/revisions"}],"up":[{"embeddable":true,"href":"https:\/\/extend-tt.vc\/it\/wp-json\/wp\/v2\/pages\/53065"}],"wp:featuredmedia":[{"embeddable":true,"href":"https:\/\/extend-tt.vc\/it\/wp-json\/wp\/v2\/media\/52825"}],"wp:attachment":[{"href":"https:\/\/extend-tt.vc\/it\/wp-json\/wp\/v2\/media?parent=53083"}],"curies":[{"name":"wp","href":"https:\/\/api.w.org\/{rel}","templated":true}]}}